{"id":99,"date":"2017-03-04T17:38:51","date_gmt":"2017-03-04T16:38:51","guid":{"rendered":"http:\/\/www.janliska.eu\/veseli\/kontakt\/"},"modified":"2025-06-26T10:42:09","modified_gmt":"2025-06-26T08:42:09","slug":"kontakt","status":"publish","type":"page","link":"https:\/\/www.fotografveseli.cz\/en\/kontakt\/","title":{"rendered":"Kontakt"},"content":{"rendered":"\n<p><strong>Fotograf Jan Li\u0161ka<br><\/strong>Fotograf Vesel\u00ed nad Lu\u017enic\u00ed, \u010cesk\u00e9 Bud\u011bjovice, T\u00e1bor.<\/p>\n\n\n\n<p>Pokud budete m\u00edt tipy na zaj\u00edmav\u00e1 m\u00edsta, n\u00e1m\u011bty na \u010dl\u00e1nky, kter\u00e9 by v\u00e1s zaj\u00edmaly, nebo cokoliv jin\u00e9ho, m\u016f\u017eete m\u011b kontaktovat \u00a0e-mailem nebo\u00a0telefonicky.<\/p>\n\n\n\n<p>Pro objedn\u00e1n\u00ed fotografov\u00e1n\u00ed nebo dotaz k m\u00fdm fotografick\u00fdm slu\u017eb\u00e1m m\u016f\u017eete vyu\u017e\u00edt formul\u00e1\u0159 <a href=\"https:\/\/www.janliska.eu\/cenik\/\" target=\"_blank\" rel=\"noopener\"><strong>cen\u00edk a rezervace<\/strong><\/a> na m\u00e9m\u00a0<a href=\"https:\/\/www.janliska.eu\" target=\"_blank\" rel=\"noopener\"><strong>osobn\u00edm webu<\/strong><\/a>.<\/p>\n\n\n\n<p>Provozovatel webu:<br>Jm\u00e9no: Mgr. Jan Li\u0161ka<br>S\u00eddlo: Na Skalce 465, 391 81 Vesel\u00ed nad Lu\u017enic\u00ed<br>I\u010c: 74983954<br>Nejsem pl\u00e1tcem DPH.<br>Fyzick\u00e1 osoba zapsan\u00e1 v \u017divnostensk\u00e9m rejst\u0159\u00edku veden\u00e9ho u M\u011bstsk\u00e9ho \u00fa\u0159adu Sob\u011bslav.<\/p>\n\n\n\n<p><strong>Ozv\u011bte se mi<\/strong><br>E-mail: info (zavin\u00e1\u010d) janliska . eu<\/p>\n\n\n\n<p><!-- \/row --><\/p>\n","protected":false},"excerpt":{"rendered":"<p class=\"excerpt\">Fotograf Jan Li\u0161kaFotograf Vesel\u00ed nad Lu\u017enic\u00ed, \u010cesk\u00e9 Bud\u011bjovice, T\u00e1bor. Pokud budete m\u00edt tipy na zaj\u00edmav\u00e1 m\u00edsta, n\u00e1m\u011bty na \u010dl\u00e1nky, kter\u00e9 by v\u00e1s zaj\u00edmaly, nebo cokoliv jin\u00e9ho, m\u016f\u017eete m\u011b kontaktovat \u00a0e-mailem nebo\u00a0telefonicky. Pro objedn\u00e1n\u00ed fotografov\u00e1n\u00ed nebo dotaz k m\u00fdm fotografick\u00fdm slu\u017eb\u00e1m <a class=\"read-more\" href=\"https:\/\/www.fotografveseli.cz\/en\/kontakt\/\">[click to continue&#8230;]<\/a><\/p>\n","protected":false},"author":1,"featured_media":0,"parent":0,"menu_order":0,"comment_status":"closed","ping_status":"closed","template":"","meta":{"footnotes":""},"class_list":["post-99","page","type-page","status-publish","hentry"],"yoast_head":"<!-- This site is optimized with the Yoast SEO plugin v26.8 - https:\/\/yoast.com\/product\/yoast-seo-wordpress\/ -->\n<title>Kontakt - Fotograf Vesel\u00ed nad Lu\u017enic\u00ed<\/title>\n<meta name=\"robots\" content=\"index, follow, max-snippet:-1, max-image-preview:large, max-video-preview:-1\" \/>\n<link rel=\"canonical\" href=\"https:\/\/www.fotografveseli.cz\/kontakt\/\" \/>\n<meta property=\"og:locale\" content=\"en_US\" \/>\n<meta property=\"og:type\" content=\"article\" \/>\n<meta property=\"og:title\" content=\"Kontakt - Fotograf Vesel\u00ed nad Lu\u017enic\u00ed\" \/>\n<meta property=\"og:description\" content=\"Fotograf Jan Li\u0161kaFotograf Vesel\u00ed nad Lu\u017enic\u00ed, \u010cesk\u00e9 Bud\u011bjovice, T\u00e1bor. Pokud budete m\u00edt tipy na zaj\u00edmav\u00e1 m\u00edsta, n\u00e1m\u011bty na \u010dl\u00e1nky, kter\u00e9 by v\u00e1s zaj\u00edmaly, nebo cokoliv jin\u00e9ho, m\u016f\u017eete m\u011b kontaktovat \u00a0e-mailem nebo\u00a0telefonicky. Pro objedn\u00e1n\u00ed fotografov\u00e1n\u00ed nebo dotaz k m\u00fdm fotografick\u00fdm slu\u017eb\u00e1m [click to continue...]\" \/>\n<meta property=\"og:url\" content=\"https:\/\/www.fotografveseli.cz\/kontakt\/\" \/>\n<meta property=\"og:site_name\" content=\"Fotograf Vesel\u00ed nad Lu\u017enic\u00ed\" \/>\n<meta property=\"article:publisher\" content=\"https:\/\/www.facebook.com\/jan.liska.fotograf\" \/>\n<meta property=\"article:modified_time\" content=\"2025-06-26T08:42:09+00:00\" \/>\n<meta name=\"twitter:card\" content=\"summary_large_image\" \/>\n<meta name=\"twitter:site\" content=\"@honza_liska\" \/>\n<meta name=\"twitter:label1\" content=\"Est. reading time\" \/>\n\t<meta name=\"twitter:data1\" content=\"1 minute\" \/>\n<script type=\"application\/ld+json\" class=\"yoast-schema-graph\">{\"@context\":\"https:\/\/schema.org\",\"@graph\":[{\"@type\":\"WebPage\",\"@id\":\"https:\/\/www.fotografveseli.cz\/kontakt\/\",\"url\":\"https:\/\/www.fotografveseli.cz\/kontakt\/\",\"name\":\"Kontakt - Fotograf Vesel\u00ed nad Lu\u017enic\u00ed\",\"isPartOf\":{\"@id\":\"https:\/\/www.fotografveseli.cz\/#website\"},\"datePublished\":\"2017-03-04T16:38:51+00:00\",\"dateModified\":\"2025-06-26T08:42:09+00:00\",\"breadcrumb\":{\"@id\":\"https:\/\/www.fotografveseli.cz\/kontakt\/#breadcrumb\"},\"inLanguage\":\"en-US\",\"potentialAction\":[{\"@type\":\"ReadAction\",\"target\":[\"https:\/\/www.fotografveseli.cz\/kontakt\/\"]}]},{\"@type\":\"BreadcrumbList\",\"@id\":\"https:\/\/www.fotografveseli.cz\/kontakt\/#breadcrumb\",\"itemListElement\":[{\"@type\":\"ListItem\",\"position\":1,\"name\":\"Dom\u016f\",\"item\":\"https:\/\/www.fotografveseli.cz\/\"},{\"@type\":\"ListItem\",\"position\":2,\"name\":\"Kontakt\"}]},{\"@type\":\"WebSite\",\"@id\":\"https:\/\/www.fotografveseli.cz\/#website\",\"url\":\"https:\/\/www.fotografveseli.cz\/\",\"name\":\"Fotograf Vesel\u00ed nad Lu\u017enic\u00ed\",\"description\":\"Blog o fotografov\u00e1n\u00ed | Vesel\u00ed nad Lu\u017enic\u00ed, \u010cesk\u00e9 Bud\u011bjovice, T\u00e1bor a ji\u017en\u00ed \u010cechy\",\"potentialAction\":[{\"@type\":\"SearchAction\",\"target\":{\"@type\":\"EntryPoint\",\"urlTemplate\":\"https:\/\/www.fotografveseli.cz\/?s={search_term_string}\"},\"query-input\":{\"@type\":\"PropertyValueSpecification\",\"valueRequired\":true,\"valueName\":\"search_term_string\"}}],\"inLanguage\":\"en-US\"}]}<\/script>\n<!-- \/ Yoast SEO plugin. -->","yoast_head_json":{"title":"Kontakt - Fotograf Vesel\u00ed nad Lu\u017enic\u00ed","robots":{"index":"index","follow":"follow","max-snippet":"max-snippet:-1","max-image-preview":"max-image-preview:large","max-video-preview":"max-video-preview:-1"},"canonical":"https:\/\/www.fotografveseli.cz\/kontakt\/","og_locale":"en_US","og_type":"article","og_title":"Kontakt - Fotograf Vesel\u00ed nad Lu\u017enic\u00ed","og_description":"Fotograf Jan Li\u0161kaFotograf Vesel\u00ed nad Lu\u017enic\u00ed, \u010cesk\u00e9 Bud\u011bjovice, T\u00e1bor. Pokud budete m\u00edt tipy na zaj\u00edmav\u00e1 m\u00edsta, n\u00e1m\u011bty na \u010dl\u00e1nky, kter\u00e9 by v\u00e1s zaj\u00edmaly, nebo cokoliv jin\u00e9ho, m\u016f\u017eete m\u011b kontaktovat \u00a0e-mailem nebo\u00a0telefonicky. Pro objedn\u00e1n\u00ed fotografov\u00e1n\u00ed nebo dotaz k m\u00fdm fotografick\u00fdm slu\u017eb\u00e1m [click to continue...]","og_url":"https:\/\/www.fotografveseli.cz\/kontakt\/","og_site_name":"Fotograf Vesel\u00ed nad Lu\u017enic\u00ed","article_publisher":"https:\/\/www.facebook.com\/jan.liska.fotograf","article_modified_time":"2025-06-26T08:42:09+00:00","twitter_card":"summary_large_image","twitter_site":"@honza_liska","twitter_misc":{"Est. reading time":"1 minute"},"schema":{"@context":"https:\/\/schema.org","@graph":[{"@type":"WebPage","@id":"https:\/\/www.fotografveseli.cz\/kontakt\/","url":"https:\/\/www.fotografveseli.cz\/kontakt\/","name":"Kontakt - Fotograf Vesel\u00ed nad Lu\u017enic\u00ed","isPartOf":{"@id":"https:\/\/www.fotografveseli.cz\/#website"},"datePublished":"2017-03-04T16:38:51+00:00","dateModified":"2025-06-26T08:42:09+00:00","breadcrumb":{"@id":"https:\/\/www.fotografveseli.cz\/kontakt\/#breadcrumb"},"inLanguage":"en-US","potentialAction":[{"@type":"ReadAction","target":["https:\/\/www.fotografveseli.cz\/kontakt\/"]}]},{"@type":"BreadcrumbList","@id":"https:\/\/www.fotografveseli.cz\/kontakt\/#breadcrumb","itemListElement":[{"@type":"ListItem","position":1,"name":"Dom\u016f","item":"https:\/\/www.fotografveseli.cz\/"},{"@type":"ListItem","position":2,"name":"Kontakt"}]},{"@type":"WebSite","@id":"https:\/\/www.fotografveseli.cz\/#website","url":"https:\/\/www.fotografveseli.cz\/","name":"Fotograf Vesel\u00ed nad Lu\u017enic\u00ed","description":"Blog o fotografov\u00e1n\u00ed | Vesel\u00ed nad Lu\u017enic\u00ed, \u010cesk\u00e9 Bud\u011bjovice, T\u00e1bor a ji\u017en\u00ed \u010cechy","potentialAction":[{"@type":"SearchAction","target":{"@type":"EntryPoint","urlTemplate":"https:\/\/www.fotografveseli.cz\/?s={search_term_string}"},"query-input":{"@type":"PropertyValueSpecification","valueRequired":true,"valueName":"search_term_string"}}],"inLanguage":"en-US"}]}},"_links":{"self":[{"href":"https:\/\/www.fotografveseli.cz\/en\/wp-json\/wp\/v2\/pages\/99","targetHints":{"allow":["GET"]}}],"collection":[{"href":"https:\/\/www.fotografveseli.cz\/en\/wp-json\/wp\/v2\/pages"}],"about":[{"href":"https:\/\/www.fotografveseli.cz\/en\/wp-json\/wp\/v2\/types\/page"}],"author":[{"embeddable":true,"href":"https:\/\/www.fotografveseli.cz\/en\/wp-json\/wp\/v2\/users\/1"}],"replies":[{"embeddable":true,"href":"https:\/\/www.fotografveseli.cz\/en\/wp-json\/wp\/v2\/comments?post=99"}],"version-history":[{"count":79,"href":"https:\/\/www.fotografveseli.cz\/en\/wp-json\/wp\/v2\/pages\/99\/revisions"}],"predecessor-version":[{"id":1316,"href":"https:\/\/www.fotografveseli.cz\/en\/wp-json\/wp\/v2\/pages\/99\/revisions\/1316"}],"wp:attachment":[{"href":"https:\/\/www.fotografveseli.cz\/en\/wp-json\/wp\/v2\/media?parent=99"}],"curies":[{"name":"wp","href":"https:\/\/api.w.org\/{rel}","templated":true}]}}